{"id":36,"date":"2023-05-24T18:27:16","date_gmt":"2023-05-24T16:27:16","guid":{"rendered":"http:\/\/atelierjm.fr\/?page_id=36"},"modified":"2023-07-17T17:59:16","modified_gmt":"2023-07-17T15:59:16","slug":"atelier-jm-3","status":"publish","type":"page","link":"https:\/\/atelierjm.fr\/index.php\/atelier-jm-3\/","title":{"rendered":"OFFRE"},"content":{"rendered":"\n<p><\/p>\n\n\n\n<div class=\"wp-block-columns alignwide is-layout-flex wp-container-core-columns-is-layout-9d6595d7 wp-block-columns-is-layout-flex\">\n<div class=\"wp-block-column is-layout-flow wp-block-column-is-layout-flow\" style=\"flex-basis:300%\"><div class=\"wp-block-image\">\n<figure class=\"aligncenter size-large is-resized\"><img loading=\"lazy\" decoding=\"async\" src=\"https:\/\/atelierjm.fr\/wp-content\/uploads\/2023\/06\/Fond-voiture-logo-noir-edited.png\" alt=\"\" class=\"wp-image-310\" width=\"589\" height=\"368\" srcset=\"https:\/\/atelierjm.fr\/wp-content\/uploads\/2023\/06\/Fond-voiture-logo-noir-edited.png 1748w, https:\/\/atelierjm.fr\/wp-content\/uploads\/2023\/06\/Fond-voiture-logo-noir-edited-300x188.png 300w, https:\/\/atelierjm.fr\/wp-content\/uploads\/2023\/06\/Fond-voiture-logo-noir-edited-1024x640.png 1024w, https:\/\/atelierjm.fr\/wp-content\/uploads\/2023\/06\/Fond-voiture-logo-noir-edited-768x480.png 768w, https:\/\/atelierjm.fr\/wp-content\/uploads\/2023\/06\/Fond-voiture-logo-noir-edited-1536x960.png 1536w, https:\/\/atelierjm.fr\/wp-content\/uploads\/2023\/06\/Fond-voiture-logo-noir-edited-1200x750.png 1200w\" sizes=\"auto, (max-width: 589px) 85vw, 589px\" \/><\/figure>\n<\/div><\/div>\n<\/div>\n\n\n\n<div class=\"wp-block-columns is-layout-flex wp-container-core-columns-is-layout-9d6595d7 wp-block-columns-is-layout-flex\">\n<div class=\"wp-block-column is-layout-flow wp-block-column-is-layout-flow\" style=\"flex-basis:100%\">\n<h1 class=\"wp-block-heading has-text-align-center\">4 Formules Possibles<\/h1>\n<\/div>\n<\/div>\n\n\n\n<div class=\"wp-block-columns is-layout-flex wp-container-core-columns-is-layout-9d6595d7 wp-block-columns-is-layout-flex\">\n<div class=\"wp-block-column is-layout-flow wp-block-column-is-layout-flow\" style=\"flex-basis:100%\">\n<h2 class=\"wp-block-heading has-text-align-center\"><em>Formule A : Lettrage Simple<\/em><\/h2>\n<\/div>\n<\/div>\n\n\n\n<div class=\"wp-block-media-text alignwide is-stacked-on-mobile\"><figure class=\"wp-block-media-text__media\"><img loading=\"lazy\" decoding=\"async\" width=\"1024\" height=\"470\" src=\"https:\/\/atelierjm.fr\/wp-content\/uploads\/2023\/06\/MOCK-UP-LETTRAGE-SIMPLE-3-1024x470.png\" alt=\"\" class=\"wp-image-237 size-full\" srcset=\"https:\/\/atelierjm.fr\/wp-content\/uploads\/2023\/06\/MOCK-UP-LETTRAGE-SIMPLE-3-1024x470.png 1024w, https:\/\/atelierjm.fr\/wp-content\/uploads\/2023\/06\/MOCK-UP-LETTRAGE-SIMPLE-3-300x138.png 300w, https:\/\/atelierjm.fr\/wp-content\/uploads\/2023\/06\/MOCK-UP-LETTRAGE-SIMPLE-3-768x353.png 768w, https:\/\/atelierjm.fr\/wp-content\/uploads\/2023\/06\/MOCK-UP-LETTRAGE-SIMPLE-3-1200x551.png 1200w, https:\/\/atelierjm.fr\/wp-content\/uploads\/2023\/06\/MOCK-UP-LETTRAGE-SIMPLE-3.png 1455w\" sizes=\"auto, (max-width: 709px) 85vw, (max-width: 909px) 67vw, (max-width: 1362px) 62vw, 840px\" \/><\/figure><div class=\"wp-block-media-text__content\">\n<div class=\"wp-block-group is-vertical is-layout-flex wp-container-core-group-is-layout-8cf370e7 wp-block-group-is-layout-flex\">\n<h2 class=\"wp-block-heading has-text-align-center\">Que comprends cette offre ?&nbsp;<\/h2>\n\n\n\n<p class=\"has-text-align-center\"><strong>Un flocage<\/strong>&nbsp;avec votre logo + quelques mots cl\u00e9s pour vos m\u00e9tiers + un ou deux points de contacts (t\u00e9l, site web\u2026) sur les trois faces du v\u00e9hicule.<\/p>\n\n\n\n<p class=\"has-medium-font-size\"><strong><em>&#8230; \u00e0 partir de 220 \u20ac<\/em><\/strong> HT<\/p>\n<\/div>\n\n\n\n<p><a href=\"https:\/\/automarquage.fr\/contactez-expert-flocage-automobile\/\"><\/a><\/p>\n<\/div><\/div>\n\n\n<div class=\"wp-block-image\">\n<figure class=\"aligncenter size-large\"><img decoding=\"async\" src=\"https:\/\/atelierjm.fr\/wp-content\/uploads\/2023\/06\/MOCK-UP-LETTRAGE-SIMPLE-1-1024x470.png\" alt=\"\" class=\"wp-image-227\"\/><\/figure>\n<\/div>\n\n\n<h2 class=\"wp-block-heading has-text-align-center\">Formule B : Lettrage + \u00c9l\u00e9ments Graphiques<\/h2>\n\n\n\n<div class=\"wp-block-media-text alignwide is-stacked-on-mobile\"><figure class=\"wp-block-media-text__media\"><img loading=\"lazy\" decoding=\"async\" width=\"1024\" height=\"470\" src=\"https:\/\/atelierjm.fr\/wp-content\/uploads\/2023\/06\/MOCK-UP-ELEMENTS-GRAPHIQUE-10-1024x470.png\" alt=\"\" class=\"wp-image-238 size-full\" srcset=\"https:\/\/atelierjm.fr\/wp-content\/uploads\/2023\/06\/MOCK-UP-ELEMENTS-GRAPHIQUE-10-1024x470.png 1024w, https:\/\/atelierjm.fr\/wp-content\/uploads\/2023\/06\/MOCK-UP-ELEMENTS-GRAPHIQUE-10-300x138.png 300w, https:\/\/atelierjm.fr\/wp-content\/uploads\/2023\/06\/MOCK-UP-ELEMENTS-GRAPHIQUE-10-768x353.png 768w, https:\/\/atelierjm.fr\/wp-content\/uploads\/2023\/06\/MOCK-UP-ELEMENTS-GRAPHIQUE-10-1200x551.png 1200w, https:\/\/atelierjm.fr\/wp-content\/uploads\/2023\/06\/MOCK-UP-ELEMENTS-GRAPHIQUE-10.png 1455w\" sizes=\"auto, (max-width: 709px) 85vw, (max-width: 909px) 67vw, (max-width: 1362px) 62vw, 840px\" \/><\/figure><div class=\"wp-block-media-text__content\">\n<div class=\"wp-block-group is-vertical is-layout-flex wp-container-core-group-is-layout-8cf370e7 wp-block-group-is-layout-flex\">\n<h2 class=\"wp-block-heading has-text-align-center\">Que comprends cette offre ?&nbsp;<\/h2>\n\n\n\n<p class=\"has-text-align-center\">Un flocage avec&nbsp;<strong>quelques<\/strong>&nbsp;<strong>\u00e9l\u00e9ments graphiques diff\u00e9renciants<\/strong>&nbsp;+ logo + quelques mots cl\u00e9s pour vos m\u00e9tiers + un ou deux points de contacts (t\u00e9l, site web\u2026)<\/p>\n\n\n\n<p class=\"has-text-align-center has-medium-font-size\"><strong><em>&#8230; \u00e0 partir de 450 \u20ac<\/em><\/strong> HT<\/p>\n<\/div>\n<\/div><\/div>\n\n\n<div class=\"wp-block-image\">\n<figure class=\"aligncenter size-large\"><img decoding=\"async\" src=\"https:\/\/atelierjm.fr\/wp-content\/uploads\/2023\/06\/MOCK-UP-ELEMENTS-GRAPHIQUE-9-1024x470.png\" alt=\"\" class=\"wp-image-229\"\/><\/figure>\n<\/div>\n\n\n<h2 class=\"wp-block-heading has-text-align-center\">Formule C : Semi Covering<\/h2>\n\n\n\n<div class=\"wp-block-media-text alignwide is-stacked-on-mobile\"><figure class=\"wp-block-media-text__media\"><img loading=\"lazy\" decoding=\"async\" width=\"1024\" height=\"523\" src=\"https:\/\/atelierjm.fr\/wp-content\/uploads\/2023\/06\/MOCK-UP-SEMI-COVERING-2-1024x523.png\" alt=\"\" class=\"wp-image-239 size-full\" srcset=\"https:\/\/atelierjm.fr\/wp-content\/uploads\/2023\/06\/MOCK-UP-SEMI-COVERING-2-1024x523.png 1024w, https:\/\/atelierjm.fr\/wp-content\/uploads\/2023\/06\/MOCK-UP-SEMI-COVERING-2-300x153.png 300w, https:\/\/atelierjm.fr\/wp-content\/uploads\/2023\/06\/MOCK-UP-SEMI-COVERING-2-768x392.png 768w, https:\/\/atelierjm.fr\/wp-content\/uploads\/2023\/06\/MOCK-UP-SEMI-COVERING-2-1536x785.png 1536w, https:\/\/atelierjm.fr\/wp-content\/uploads\/2023\/06\/MOCK-UP-SEMI-COVERING-2-1200x613.png 1200w, https:\/\/atelierjm.fr\/wp-content\/uploads\/2023\/06\/MOCK-UP-SEMI-COVERING-2.png 1556w\" sizes=\"auto, (max-width: 709px) 85vw, (max-width: 909px) 67vw, (max-width: 1362px) 62vw, 840px\" \/><\/figure><div class=\"wp-block-media-text__content\">\n<div class=\"wp-block-group is-vertical is-layout-flex wp-container-core-group-is-layout-8cf370e7 wp-block-group-is-layout-flex\">\n<h2 class=\"wp-block-heading has-text-align-center\">Que comprends cette offre ?&nbsp;<\/h2>\n\n\n\n<p class=\"has-text-align-center\">Un flocage recouvrant la moiti\u00e9 de votre v\u00e9hicule avec une proposition graphique plus \u00e9labor\u00e9e.<\/p>\n\n\n\n<p class=\"has-text-align-center has-medium-font-size\"><strong><em>&#8230; \u00e0 partir de 900 \u20ac<\/em><\/strong> HT<\/p>\n<\/div>\n<\/div><\/div>\n\n\n<div class=\"wp-block-image\">\n<figure class=\"aligncenter size-large\"><img decoding=\"async\" src=\"https:\/\/atelierjm.fr\/wp-content\/uploads\/2023\/06\/MOCK-UP-SEMI-COVERING-1-1024x523.png\" alt=\"\" class=\"wp-image-230\"\/><\/figure>\n<\/div>\n\n\n<h2 class=\"wp-block-heading has-text-align-center\">Formule D : Total Covering<\/h2>\n\n\n\n<div class=\"wp-block-media-text alignwide is-stacked-on-mobile\"><figure class=\"wp-block-media-text__media\"><img loading=\"lazy\" decoding=\"async\" width=\"1024\" height=\"399\" src=\"http:\/\/atelierjm.fr\/wp-content\/uploads\/2023\/06\/MOCK-UP-TOTAL-COVERING-3-1024x399.png\" alt=\"\" class=\"wp-image-338 size-full\" srcset=\"https:\/\/atelierjm.fr\/wp-content\/uploads\/2023\/06\/MOCK-UP-TOTAL-COVERING-3-1024x399.png 1024w, https:\/\/atelierjm.fr\/wp-content\/uploads\/2023\/06\/MOCK-UP-TOTAL-COVERING-3-300x117.png 300w, https:\/\/atelierjm.fr\/wp-content\/uploads\/2023\/06\/MOCK-UP-TOTAL-COVERING-3-768x300.png 768w, https:\/\/atelierjm.fr\/wp-content\/uploads\/2023\/06\/MOCK-UP-TOTAL-COVERING-3-1536x599.png 1536w, https:\/\/atelierjm.fr\/wp-content\/uploads\/2023\/06\/MOCK-UP-TOTAL-COVERING-3-1200x468.png 1200w, https:\/\/atelierjm.fr\/wp-content\/uploads\/2023\/06\/MOCK-UP-TOTAL-COVERING-3.png 1556w\" sizes=\"auto, (max-width: 709px) 85vw, (max-width: 909px) 67vw, (max-width: 1362px) 62vw, 840px\" \/><\/figure><div class=\"wp-block-media-text__content\">\n<div class=\"wp-block-group is-vertical is-layout-flex wp-container-core-group-is-layout-8cf370e7 wp-block-group-is-layout-flex\">\n<h2 class=\"wp-block-heading has-text-align-center\">Que comprends cette offre ?&nbsp;<\/h2>\n\n\n\n<p class=\"has-text-align-center\">Un design \u00e0 votre image qui recouvre l\u2019ensemble de votre v\u00e9hicule.<\/p>\n\n\n\n<p class=\"has-text-align-center has-medium-font-size\"><strong><em>&#8230; \u00e0 partir de 1700 \u20ac<\/em><\/strong> HT<\/p>\n<\/div>\n<\/div><\/div>\n\n\n<div class=\"wp-block-image\">\n<figure class=\"aligncenter size-large\"><img decoding=\"async\" src=\"https:\/\/atelierjm.fr\/wp-content\/uploads\/2023\/06\/MOCK-UP-TOTAL-COVERING-1-1024x399.png\" alt=\"\" class=\"wp-image-231\"\/><\/figure>\n<\/div>\n\n\n<h1 class=\"wp-block-heading has-text-align-center\"><mark style=\"background-color:rgba(0, 0, 0, 0)\" class=\"has-inline-color has-bright-blue-color\">Formules applicables sur diff\u00e9rents types de v\u00e9hicules !!!<\/mark><\/h1>\n\n\n\n<div class=\"wp-block-group\"><div class=\"wp-block-group__inner-container is-layout-constrained wp-block-group-is-layout-constrained\">\n<div class=\"wp-block-columns are-vertically-aligned-center is-layout-flex wp-container-core-columns-is-layout-9d6595d7 wp-block-columns-is-layout-flex\">\n<div class=\"wp-block-column is-vertically-aligned-center is-layout-flow wp-block-column-is-layout-flow\"><div class=\"wp-block-image\">\n<figure class=\"aligncenter size-large is-resized\"><img loading=\"lazy\" decoding=\"async\" src=\"https:\/\/atelierjm.fr\/wp-content\/uploads\/2023\/06\/Voiture-utili-1-1024x722.png\" alt=\"\" class=\"wp-image-281\" width=\"434\" height=\"305\" srcset=\"https:\/\/atelierjm.fr\/wp-content\/uploads\/2023\/06\/Voiture-utili-1-1024x722.png 1024w, https:\/\/atelierjm.fr\/wp-content\/uploads\/2023\/06\/Voiture-utili-1-300x211.png 300w, https:\/\/atelierjm.fr\/wp-content\/uploads\/2023\/06\/Voiture-utili-1-768x541.png 768w, https:\/\/atelierjm.fr\/wp-content\/uploads\/2023\/06\/Voiture-utili-1-1536x1083.png 1536w, https:\/\/atelierjm.fr\/wp-content\/uploads\/2023\/06\/Voiture-utili-1-2048x1444.png 2048w, https:\/\/atelierjm.fr\/wp-content\/uploads\/2023\/06\/Voiture-utili-1-1200x846.png 1200w\" sizes=\"auto, (max-width: 434px) 85vw, 434px\" \/><\/figure>\n<\/div><\/div>\n\n\n\n<div class=\"wp-block-column is-vertically-aligned-center is-layout-flow wp-block-column-is-layout-flow\"><div class=\"wp-block-image\">\n<figure class=\"aligncenter size-large is-resized\"><img loading=\"lazy\" decoding=\"async\" src=\"https:\/\/atelierjm.fr\/wp-content\/uploads\/2023\/06\/Fourgon-1-1024x722.png\" alt=\"\" class=\"wp-image-280\" width=\"329\" height=\"231\" srcset=\"https:\/\/atelierjm.fr\/wp-content\/uploads\/2023\/06\/Fourgon-1-1024x722.png 1024w, https:\/\/atelierjm.fr\/wp-content\/uploads\/2023\/06\/Fourgon-1-300x211.png 300w, https:\/\/atelierjm.fr\/wp-content\/uploads\/2023\/06\/Fourgon-1-768x541.png 768w, https:\/\/atelierjm.fr\/wp-content\/uploads\/2023\/06\/Fourgon-1-1536x1083.png 1536w, https:\/\/atelierjm.fr\/wp-content\/uploads\/2023\/06\/Fourgon-1-2048x1444.png 2048w, https:\/\/atelierjm.fr\/wp-content\/uploads\/2023\/06\/Fourgon-1-1200x846.png 1200w\" sizes=\"auto, (max-width: 329px) 85vw, 329px\" \/><\/figure>\n<\/div><\/div>\n<\/div>\n\n\n\n<h1 class=\"wp-block-heading has-text-align-center has-bright-blue-color has-text-color\">Atelier JM r\u00e9alise des coverings sur tous types de v\u00e9hicules :<\/h1>\n\n\n\n<p class=\"has-text-align-center\">Habillage Semi et Total covering sur camions<\/p>\n\n\n\n<p class=\"has-text-align-center\">Habillage Semi et Total covering sur voitures<\/p>\n\n\n\n<p class=\"has-text-align-center\">Habillage Semi et Total covering sur utilitaires<\/p>\n\n\n\n<p class=\"has-text-align-center\">Habillage Semi et Total covering sur bus\u2026<\/p>\n\n\n\n<p><\/p>\n<\/div><\/div>\n\n\n\n<h1 class=\"wp-block-heading has-text-align-center\">\u00a7\u00a7\u00a7<\/h1>\n","protected":false},"excerpt":{"rendered":"<p>4 Formules Possibles Formule A : Lettrage Simple Formule B : Lettrage + \u00c9l\u00e9ments Graphiques Formule C : Semi Covering Formule D : Total Covering Formules applicables sur diff\u00e9rents types de v\u00e9hicules !!! Atelier JM r\u00e9alise des coverings sur tous types de v\u00e9hicules : Habillage Semi et Total covering sur camions Habillage Semi et Total &hellip; <a href=\"https:\/\/atelierjm.fr\/index.php\/atelier-jm-3\/\" class=\"more-link\">Continuer la lecture<span class=\"screen-reader-text\"> de &laquo;&nbsp;OFFRE&nbsp;&raquo;<\/span><\/a><\/p>\n","protected":false},"author":1,"featured_media":0,"parent":0,"menu_order":0,"comment_status":"closed","ping_status":"closed","template":"","meta":{"footnotes":""},"class_list":["post-36","page","type-page","status-publish","hentry"],"_links":{"self":[{"href":"https:\/\/atelierjm.fr\/index.php\/wp-json\/wp\/v2\/pages\/36","targetHints":{"allow":["GET"]}}],"collection":[{"href":"https:\/\/atelierjm.fr\/index.php\/wp-json\/wp\/v2\/pages"}],"about":[{"href":"https:\/\/atelierjm.fr\/index.php\/wp-json\/wp\/v2\/types\/page"}],"author":[{"embeddable":true,"href":"https:\/\/atelierjm.fr\/index.php\/wp-json\/wp\/v2\/users\/1"}],"replies":[{"embeddable":true,"href":"https:\/\/atelierjm.fr\/index.php\/wp-json\/wp\/v2\/comments?post=36"}],"version-history":[{"count":51,"href":"https:\/\/atelierjm.fr\/index.php\/wp-json\/wp\/v2\/pages\/36\/revisions"}],"predecessor-version":[{"id":416,"href":"https:\/\/atelierjm.fr\/index.php\/wp-json\/wp\/v2\/pages\/36\/revisions\/416"}],"wp:attachment":[{"href":"https:\/\/atelierjm.fr\/index.php\/wp-json\/wp\/v2\/media?parent=36"}],"curies":[{"name":"wp","href":"https:\/\/api.w.org\/{rel}","templated":true}]}}