{"id":35,"date":"2023-05-24T18:27:16","date_gmt":"2023-05-24T16:27:16","guid":{"rendered":"http:\/\/atelierjm.fr\/?page_id=35"},"modified":"2023-07-18T10:20:05","modified_gmt":"2023-07-18T08:20:05","slug":"atelier-jm-2","status":"publish","type":"page","link":"https:\/\/atelierjm.fr\/","title":{"rendered":""},"content":{"rendered":"\n<h3 class=\"wp-block-heading has-text-align-center has-x-large-font-size\" style=\"text-transform:none\">Marquage V\u00e9hicules<\/h3>\n\n\n\n<h3 class=\"wp-block-heading has-text-align-center has-large-font-size\" style=\"text-transform:none\"><strong><em>Impression Num\u00e9rique<\/em><\/strong><\/h3>\n\n\n\n<div class=\"wp-block-group alignwide\"><div class=\"wp-block-group__inner-container is-layout-constrained wp-block-group-is-layout-constrained\">\n<p class=\"has-text-align-center\">Le marquage adh\u00e9sif publicitaire sur v\u00e9hicule ou publicit\u00e9 adh\u00e9sive sur v\u00e9hicule, est un outil de<br>communication qui consiste \u00e0 recouvrir sa voiture avec sa marque, son logo, ses coordonn\u00e9es\u2026<br>gr\u00e2ce \u00e0 un autocollant qui est pos\u00e9 dessus. Elle peut \u00eatre install\u00e9e sur tous types de v\u00e9hicules :<br>voiture d&rsquo;entreprise, voiture utilitaire, fourgon ou encore camion.<br>Les marquages peuvent se faire sous diff\u00e9rentes formes :<br><strong>Le lettrage :<\/strong> vous faites appara\u00eetre uniquement les informations qui vous paraissent essentielles<br>comme votre adresse, votre mail, votre logo, votre nom, votre site internet\u2026<br><strong>Le semi-covering :<\/strong> vous recouvrez une partie de votre voiture par l&rsquo;image, le message ou le logo que<br>vous souhaitez (coffre, capot, porti\u00e8re, vitre\u2026)<br><strong>Le total covering : <\/strong>vous recouvrez l&rsquo;int\u00e9gralit\u00e9 de votre v\u00e9hicule avec un adh\u00e9sif avec un visuel<br>attrayant, vos coordonn\u00e9es\u2026 Tout est permis !<\/p>\n\n\n<div class=\"wp-block-image\">\n<figure class=\"aligncenter size-large is-resized\"><img loading=\"lazy\" decoding=\"async\" src=\"https:\/\/atelierjm.fr\/wp-content\/uploads\/2023\/06\/FOND-FLYER-RECTO-2-6-1024x554.png\" alt=\"\" class=\"wp-image-386\" width=\"768\" height=\"416\" srcset=\"https:\/\/atelierjm.fr\/wp-content\/uploads\/2023\/06\/FOND-FLYER-RECTO-2-6-1024x554.png 1024w, https:\/\/atelierjm.fr\/wp-content\/uploads\/2023\/06\/FOND-FLYER-RECTO-2-6-300x162.png 300w, https:\/\/atelierjm.fr\/wp-content\/uploads\/2023\/06\/FOND-FLYER-RECTO-2-6-768x416.png 768w, https:\/\/atelierjm.fr\/wp-content\/uploads\/2023\/06\/FOND-FLYER-RECTO-2-6-1536x831.png 1536w, https:\/\/atelierjm.fr\/wp-content\/uploads\/2023\/06\/FOND-FLYER-RECTO-2-6-2048x1108.png 2048w, https:\/\/atelierjm.fr\/wp-content\/uploads\/2023\/06\/FOND-FLYER-RECTO-2-6-1200x650.png 1200w\" sizes=\"auto, (max-width: 768px) 85vw, 768px\" \/><\/figure>\n<\/div><\/div><\/div>\n\n\n\n<h5 class=\"wp-block-heading has-text-align-center has-large-font-size\" style=\"text-transform:none\"><strong>Quels sont ses avantages ?<\/strong><\/h5>\n\n\n\n<figure class=\"wp-block-image size-large is-resized\"><img loading=\"lazy\" decoding=\"async\" src=\"https:\/\/atelierjm.fr\/wp-content\/uploads\/2023\/06\/fond-montagnes-1-1024x230.png\" alt=\"\" class=\"wp-image-322\" width=\"780\" height=\"175\" srcset=\"https:\/\/atelierjm.fr\/wp-content\/uploads\/2023\/06\/fond-montagnes-1-1024x230.png 1024w, https:\/\/atelierjm.fr\/wp-content\/uploads\/2023\/06\/fond-montagnes-1-300x68.png 300w, https:\/\/atelierjm.fr\/wp-content\/uploads\/2023\/06\/fond-montagnes-1-768x173.png 768w, https:\/\/atelierjm.fr\/wp-content\/uploads\/2023\/06\/fond-montagnes-1-1200x270.png 1200w, https:\/\/atelierjm.fr\/wp-content\/uploads\/2023\/06\/fond-montagnes-1.png 1284w\" sizes=\"auto, (max-width: 780px) 85vw, 780px\" \/><\/figure>\n\n\n\n<h5 class=\"wp-block-heading has-text-align-center\" style=\"font-style:italic;font-weight:800;text-decoration:underline\">Une tr\u00e8s grande audience<\/h5>\n\n\n\n<p class=\"has-text-align-left\">La signal\u00e9tique v\u00e9hicule permet de toucher un tr\u00e8s large public en fonction de la fr\u00e9quence, du moment et du lieu de d\u00e9placement. Cette publicit\u00e9 mobile vous permet de v\u00e9hiculer l&rsquo;image de votre entreprise \u00e0 chacun de vos d\u00e9placements. Toutes les personnes que vous croisez lors de votre trajet peuvent prendre connaissance de l&rsquo;existence de votre entreprise et, ainsi, vous augmentez votre notori\u00e9t\u00e9. Plus votre visuel sera original, attractif et marquant pour l&rsquo;audience, plus les retomb\u00e9es seront importantes pour vous !<\/p>\n\n\n\n<h5 class=\"wp-block-heading has-text-align-center\" style=\"font-style:italic;font-weight:800;text-decoration:underline\">Une visibilit\u00e9 quotidienne et rentable<\/h5>\n\n\n\n<p>Contrairement \u00e0 des supports de communication papier, votre voiture est un outil de communication visible 7 jours\/7 et 24h\/24. Il suffit que vous circuliez ou que vous soyez gar\u00e9 pr\u00e8s d&rsquo;une zone passante et des milliers de personnes peuvent voir votre marque. De plus, m\u00eame si un total covering est un peu plus co\u00fbt qu&rsquo;un flocage de v\u00e9hicule classique, les deux restent tr\u00e8s rentables par rapport aux autres moyens de communication. En effet, la signal\u00e9tique v\u00e9hicule a une dur\u00e9e de vie d&rsquo;environ 5 ans, l&rsquo;investissement du d\u00e9part est donc amorti sur plusieurs ann\u00e9es.<\/p>\n\n\n\n<h5 class=\"wp-block-heading has-text-align-center\" style=\"font-style:italic;font-weight:800;text-decoration:underline\">Un bon moyen de se d\u00e9marquer<\/h5>\n\n\n\n<p>Comme dit pr\u00e9c\u00e9demment, plus votre visuel sera original, attractif et marquant pour l&rsquo;audience, plus les retomb\u00e9es seront importantes pour vous. Avec un bon visuel, vous pouvez facilement capter et retenir l&rsquo;attention des personnes que vous croisez. Pour ce faire, le visuel doit \u00eatre r\u00e9fl\u00e9chi et, si possible, r\u00e9alis\u00e9 par un professionnel \u00e0 partir de votre charte graphique pour \u00eatre rapidement identifiable.<\/p>\n\n\n\n<h5 class=\"wp-block-heading has-text-align-center\" style=\"font-style:italic;font-weight:800;text-decoration:underline\">Une communication locale efficace<\/h5>\n\n\n\n<p>En plus d&rsquo;\u00eatre simple de cr\u00e9ation et d&rsquo;application, l&rsquo;impact de votre marquage publicitaire sur votre v\u00e9hicule est tr\u00e8s important, notamment au niveau local. Rouler avec un v\u00e9hicule publicitaire ou m\u00eame le garer autour de votre zone de travail augmente consid\u00e9rablement votre visibilit\u00e9 aupr\u00e8s de ceux qui vivent, travaillent ou \u00e9tudient pr\u00e8s de vous. Les v\u00e9hicules stationn\u00e9s attirent l&rsquo;attention des pi\u00e9tons, mais aussi lors d&rsquo;\u00e9v\u00e9nements sportifs locaux, d&rsquo;\u00e9v\u00e9nements culturels, de conventions ou encore de foires commerciales.<\/p>\n\n\n\n<h5 class=\"wp-block-heading has-text-align-center\" style=\"font-style:italic;font-weight:800;text-decoration:underline\">Une protection pour les v\u00e9hicules<\/h5>\n\n\n\n<p>En plus d&rsquo;\u00eatre un excellent moyen de communication pour toucher vos prospects, le marquage publicitaire adh\u00e9sif de votre v\u00e9hicule sert \u00e9galement de protection. En effet, les adh\u00e9sifs utilis\u00e9s le prot\u00e8gent des projections salissantes et des UV. La carrosserie de votre voiture d&rsquo;entreprise reste donc intacte, avantage important lors de sa revente ou de sa restitution \u00e0 votre loueur !<\/p>\n\n\n\n<p class=\"has-text-align-center\"><\/p>\n\n\n\n<div class=\"wp-block-group is-vertical is-content-justification-center is-layout-flex wp-container-core-group-is-layout-73a99bce wp-block-group-is-layout-flex\"><div class=\"wp-block-image\">\n<figure class=\"aligncenter size-large is-resized\"><img loading=\"lazy\" decoding=\"async\" src=\"http:\/\/atelierjm.fr\/wp-content\/uploads\/2023\/07\/Utilitaire-1024x501.png\" alt=\"\" class=\"wp-image-402\" width=\"512\" height=\"251\" srcset=\"https:\/\/atelierjm.fr\/wp-content\/uploads\/2023\/07\/Utilitaire-1024x501.png 1024w, https:\/\/atelierjm.fr\/wp-content\/uploads\/2023\/07\/Utilitaire-300x147.png 300w, https:\/\/atelierjm.fr\/wp-content\/uploads\/2023\/07\/Utilitaire-768x376.png 768w, https:\/\/atelierjm.fr\/wp-content\/uploads\/2023\/07\/Utilitaire-1536x752.png 1536w, https:\/\/atelierjm.fr\/wp-content\/uploads\/2023\/07\/Utilitaire-1200x588.png 1200w, https:\/\/atelierjm.fr\/wp-content\/uploads\/2023\/07\/Utilitaire.png 1754w\" sizes=\"auto, (max-width: 512px) 85vw, 512px\" \/><\/figure>\n<\/div>\n\n\n<figure class=\"wp-block-image size-large is-resized\"><img loading=\"lazy\" decoding=\"async\" src=\"http:\/\/atelierjm.fr\/wp-content\/uploads\/2023\/07\/image-1024x100.png\" alt=\"\" class=\"wp-image-398\" width=\"768\" height=\"75\" srcset=\"https:\/\/atelierjm.fr\/wp-content\/uploads\/2023\/07\/image-1024x100.png 1024w, https:\/\/atelierjm.fr\/wp-content\/uploads\/2023\/07\/image-300x29.png 300w, https:\/\/atelierjm.fr\/wp-content\/uploads\/2023\/07\/image-768x75.png 768w, https:\/\/atelierjm.fr\/wp-content\/uploads\/2023\/07\/image-1200x117.png 1200w, https:\/\/atelierjm.fr\/wp-content\/uploads\/2023\/07\/image.png 1536w\" sizes=\"auto, (max-width: 768px) 85vw, 768px\" \/><\/figure>\n\n\n\n<p class=\"has-text-align-center\"><br>Fort de notre savoir-faire, Atelier JM vous conseille suivant vos exigences pour une d\u00e9coration sobre ou impactante afin de transformer l\u2019esth\u00e9tique de votre v\u00e9hicule ou votre flotte en \u00ab carte de visite mobile&nbsp;\u00bb vue de tous\u2026<br>Particuliers ou Professionnels, laissez-vous tenter par le semi ou total covering ou partiel avec des tons unis ou imprim\u00e9s sur vinyle conformable adapt\u00e9s \u00e0 vos envies. Cette technologie vous permet d\u2019habiller et de prot\u00e9ger des U.V la carrosserie tout en conservant la couleur d\u2019origine sans aucun dommage pour v\u00e9hiculer l\u2019image de votre entreprise.<\/p>\n\n\n\n<h2 class=\"wp-block-heading\">LES SOLUTIONS\u2026 WRAPPING !!<\/h2>\n\n\n\n<p><br><\/p>\n\n\n\n<div class=\"wp-block-media-text alignwide is-stacked-on-mobile\"><figure class=\"wp-block-media-text__media\"><img loading=\"lazy\" decoding=\"async\" width=\"714\" height=\"506\" src=\"https:\/\/atelierjm.fr\/wp-content\/uploads\/2023\/06\/Voiture-wrapping-1.png\" alt=\"\" class=\"wp-image-254 size-full\" srcset=\"https:\/\/atelierjm.fr\/wp-content\/uploads\/2023\/06\/Voiture-wrapping-1.png 714w, https:\/\/atelierjm.fr\/wp-content\/uploads\/2023\/06\/Voiture-wrapping-1-300x213.png 300w\" sizes=\"auto, (max-width: 714px) 85vw, 714px\" \/><\/figure><div class=\"wp-block-media-text__content\">\n<p class=\"has-text-align-center\">Faire poser un total covering ou semi covering sur son v\u00e9hicule, en adh\u00e9sif micro perfor\u00e9 pour les parties vitr\u00e9es de la voiture ou lettrages d\u00e9coup\u00e9s dans un adh\u00e9sif teint\u00e9 masse ou avec impression num\u00e9rique sont autant de solutions \u00e0 combiner pour cr\u00e9er un marquage personnalis\u00e9 pour tous v\u00e9hicules d\u2019entreprise ou soci\u00e9t\u00e9, et m\u00eame particulier.<\/p>\n<\/div><\/div>\n<\/div>\n","protected":false},"excerpt":{"rendered":"<p>Marquage V\u00e9hicules Impression Num\u00e9rique Le marquage adh\u00e9sif publicitaire sur v\u00e9hicule ou publicit\u00e9 adh\u00e9sive sur v\u00e9hicule, est un outil decommunication qui consiste \u00e0 recouvrir sa voiture avec sa marque, son logo, ses coordonn\u00e9es\u2026gr\u00e2ce \u00e0 un autocollant qui est pos\u00e9 dessus. Elle peut \u00eatre install\u00e9e sur tous types de v\u00e9hicules :voiture d&rsquo;entreprise, voiture utilitaire, fourgon ou encore &hellip; <a href=\"https:\/\/atelierjm.fr\/\" class=\"more-link\">Continuer la lecture<span class=\"screen-reader-text\"> de &laquo;&nbsp;&nbsp;&raquo;<\/span><\/a><\/p>\n","protected":false},"author":1,"featured_media":0,"parent":0,"menu_order":0,"comment_status":"closed","ping_status":"closed","template":"","meta":{"footnotes":""},"class_list":["post-35","page","type-page","status-publish","hentry"],"_links":{"self":[{"href":"https:\/\/atelierjm.fr\/index.php\/wp-json\/wp\/v2\/pages\/35","targetHints":{"allow":["GET"]}}],"collection":[{"href":"https:\/\/atelierjm.fr\/index.php\/wp-json\/wp\/v2\/pages"}],"about":[{"href":"https:\/\/atelierjm.fr\/index.php\/wp-json\/wp\/v2\/types\/page"}],"author":[{"embeddable":true,"href":"https:\/\/atelierjm.fr\/index.php\/wp-json\/wp\/v2\/users\/1"}],"replies":[{"embeddable":true,"href":"https:\/\/atelierjm.fr\/index.php\/wp-json\/wp\/v2\/comments?post=35"}],"version-history":[{"count":60,"href":"https:\/\/atelierjm.fr\/index.php\/wp-json\/wp\/v2\/pages\/35\/revisions"}],"predecessor-version":[{"id":422,"href":"https:\/\/atelierjm.fr\/index.php\/wp-json\/wp\/v2\/pages\/35\/revisions\/422"}],"wp:attachment":[{"href":"https:\/\/atelierjm.fr\/index.php\/wp-json\/wp\/v2\/media?parent=35"}],"curies":[{"name":"wp","href":"https:\/\/api.w.org\/{rel}","templated":true}]}}